{"id":11008,"date":"2022-07-10T13:11:07","date_gmt":"2022-07-10T13:11:07","guid":{"rendered":"https:\/\/muehle-delkenheim.de\/?page_id=11008"},"modified":"2023-04-18T19:53:29","modified_gmt":"2023-04-18T19:53:29","slug":"impressum","status":"publish","type":"page","link":"https:\/\/muehle-delkenheim.de\/?page_id=11008","title":{"rendered":"Impressum &#038; Datenschutz"},"content":{"rendered":"<p>[vc_row css=&#8220;.vc_custom_1657459168401{padding-top: 150px !important;padding-bottom: 150px !important;background-color: #fafafa !important;}&#8220;][vc_column]<div class=\"eltdf-elements-holder eltdf-responsive-mode-768\" ><div class=\"eltdf-eh-item eltdf-horizontal-alignment-center\" data-item-class=\"eltdf-eh-custom-307677\" data-1280-1600=\"0 30% 0 30%\" data-1024-1280=\"0 27% 0 27%\" data-768-1024=\"0 15% 0 15%\" data-600-768=\"0 7% 0 7%\" data-480=\"0 5% 0 5%\" >\r\n\t<div class=\"eltdf-eh-item-inner\" >\r\n\t\t<div class=\"eltdf-eh-item-content eltdf-eh-custom-307677\" style=\"padding: 0 32% 0 32%\">\r\n\t\t\t<div class=\"eltdf-section-title-holder\" >\r\n\t\t\t<h2 class=\"eltdf-st-title\" >\r\n\t\t\t<span>IMPRESSUM<\/span>\r\n\t\t<\/h2>\r\n                    <div class=\"eltdf-st-separator clearfix\">\r\n                <div class=\"eltdf-separator\" ><\/div>\r\n            <\/div>\r\n        \t\t\t<\/div>[vc_column_text]<\/p>\n<h4>Weingut Gudrun Friesenhahn<\/h4>\n<p>Inhaber: Gudrun Friesenhahn<\/p>\n<p>M\u00fchlberg 1<\/p>\n<p>65205 Wiesbaden-Delkenheim<\/p>\n<p>Telefon <span style=\"font-weight: 400;\">06122 52409<\/span><br \/>\nE-Mail\u00a0<a href=\"mailto:info@weingut-friesenhahn.de\">info(at)<\/a><a href=\"http:\/\/www.muehle-delkenheim.de\"><span style=\"font-weight: 400;\">muehle-delkenheim.de<\/span><\/a><\/p>\n<p>&nbsp;<\/p>\n<p>Steuernummer: DE <span style=\"font-weight: 400;\">040 890 03085<\/span><br \/>\nUST-IDNR.: <span style=\"font-weight: 400;\">DE196 318 739<\/span><\/p>\n<p>Inhaltlich verantwortlich: Andreas Friesenhahn, Adresse wie oben.<\/p>\n<p>&nbsp;<\/p>\n<h3>Aufsichtsbeh\u00f6rde<\/h3>\n<p>Hessisches Ministerium f\u00fcr Umwelt, l\u00e4ndlichen Raum und Verbraucherschutz (HMULV)<br \/>\nMainzer Stra\u00dfe 80, 65189 Wiesbaden, Tel.: +49 611-815-0<\/p>\n<p>Gesetzliche Grundlage unserer T\u00e4tigkeit: Deutsches Weingesetz<br \/>\n<a href=\"http:\/\/bundesrecht.juris.de\/weing_1994\/index.html\">http:\/\/bundesrecht.juris.de\/weing_1994\/index.html<\/a><\/p>\n<p>&nbsp;<\/p>\n<h3>Gesch\u00e4ftsbedingungen<\/h3>\n<p>-DIE PREISE verstehen sich einschlie\u00dflich Glas und Einwegkarton inklusive der gesetzlichen Sekt- und Mehrwertsteuer ab unserem Weingut.<\/p>\n<p>-ZAHLUNG: Der Rechnungsbetrag ist innerhalb von 14 Tagen ohne jeden Abzug zu Zahlen. Bis zur vollst\u00e4ndigen Bezahlung des Rechnungsbetrages behalten wir uns das Eigentumsrecht an den gelieferten Weinen. Erf\u00fcllungsort und Gerichtsstand f\u00fcr beide Teile ist 65205 Wiesbaden. Berechtigte M\u00e4ngelr\u00fcgen werden innerhalb von vier Wochen nach Erhalt der Ware anerkannt und ber\u00fccksichtigt. Mit der Bestellung gelten unsere Liefer- und Zahlungsbedingungen als angenommen.<\/p>\n<p>-PROBEN: Angeforderte Proben werden zuz\u00fcglich der Verpackungs- und Versandkosten in Rechnung gestellt. Bei Kauf von Wein werden die in Rechnung gestellten Proben in Abzug gebracht (nur Warenwert, ohne Porto und Verpackung). Bei Erstauftr\u00e4gen von uns unbekannten Bestellern m\u00fcssen wir uns die Lieferung per Nachnahme oder Vorkasse vorbehalten.<\/p>\n<p>-VERSAND: Ihre Mehrkosten auf die Listenpreise bei frei-Haus Lieferung innerhalb Deutschlands (ohne Inseln) einschlie\u00dflich Verpackung, Porto und Mehrwertsteuer. Per DHL im Postversandkarton bis 12 Flaschen pauschal 9,50\u20ac.<\/p>\n<p>ANGEBOTE: Unsere Angebote erfolgen freibleibend auf Basis der jeweils g\u00fcltigen Preisliste. Fr\u00fchere Preislisten verlieren ihre G\u00fcltigkeit.<\/p>\n<p>&nbsp;<\/p>\n<h3>Haftung f\u00fcr Inhalte<\/h3>\n<p>Alle Inhalte unseres Internetauftritts wurden mit gr\u00f6\u00dfter Sorgfalt und nach bestem Gewissen erstellt. F\u00fcr die Richtigkeit, Vollst\u00e4ndigkeit und Aktualit\u00e4t der Inhalte k\u00f6nnen wir jedoch keine Gew\u00e4hr \u00fcbernehmen. Als Diensteanbieter sind wir gem\u00e4\u00df \u00a7 7 Abs.1 TMG f\u00fcr eigene Inhalte auf diesen Seiten nach den allgemeinen Gesetzen verantwortlich. Nach \u00a7\u00a7 8 bis 10 TMG sind wir als Diensteanbieter jedoch nicht verpflichtet, \u00fcbermittelte oder gespeicherte fremde Informationen zu \u00fcberwachen oder nach Umst\u00e4nden zu forschen, die auf eine rechtswidrige T\u00e4tigkeit hinweisen. Verpflichtungen zur Entfernung oder Sperrung der Nutzung von Informationen nach den allgemeinen Gesetzen bleiben hiervon unber\u00fchrt.<\/p>\n<p>Eine diesbez\u00fcgliche Haftung ist jedoch erst ab dem Zeitpunkt der Kenntniserlangung einer konkreten Rechtsverletzung m\u00f6glich. Bei Bekanntwerden von den o.g. Rechtsverletzungen werden wir diese Inhalte unverz\u00fcglich entfernen.<\/p>\n<p>&nbsp;<\/p>\n<h3>Haftungsbeschr\u00e4nkung f\u00fcr externe Links<\/h3>\n<p>Unsere Webseite enth\u00e4lt Links auf externe Webseiten Dritter. Auf die Inhalte dieser direkt oder indirekt verlinkten Webseiten haben wir keinen Einfluss. Daher k\u00f6nnen wir f\u00fcr die \u201eexternen Links\u201c auch keine Gew\u00e4hr auf Richtigkeit der Inhalte \u00fcbernehmen. F\u00fcr die Inhalte der externen Links sind die jeweilige Anbieter oder Betreiber (Urheber) der Seiten verantwortlich.<\/p>\n<p>Die externen Links wurden zum Zeitpunkt der Linksetzung auf eventuelle Rechtsverst\u00f6\u00dfe \u00fcberpr\u00fcft und waren im Zeitpunkt der Linksetzung frei von rechtswidrigen Inhalten. Eine st\u00e4ndige inhaltliche \u00dcberpr\u00fcfung der externen Links ist ohne konkrete Anhaltspunkte einer Rechtsverletzung nicht m\u00f6glich. Bei direkten oder indirekten Verlinkungen auf die Webseiten Dritter, die au\u00dferhalb unseres Verantwortungsbereichs liegen, w\u00fcrde eine Haftungsverpflichtung ausschlie\u00dflich in dem Fall nur bestehen, wenn wir von den Inhalten Kenntnis erlangen und es uns technisch m\u00f6glich und zumutbar w\u00e4re, die Nutzung im Falle rechtswidriger Inhalte zu verhindern.<\/p>\n<p>Diese Haftungsausschlusserkl\u00e4rung gilt auch innerhalb des eigenen Internetauftrittes \u201ewww.muehle-delkenheim.de \u201c gesetzten Links und Verweise von Fragestellern, Blogeintr\u00e4gern, G\u00e4sten des Diskussionsforums. F\u00fcr illegale, fehlerhafte oder unvollst\u00e4ndige Inhalte und insbesondere f\u00fcr Sch\u00e4den, die aus der Nutzung oder Nichtnutzung solcherart dargestellten Informationen entstehen, haftet allein der Diensteanbieter der Seite, auf welche verwiesen wurde, nicht derjenige, der \u00fcber Links auf die jeweilige Ver\u00f6ffentlichung lediglich verweist.<\/p>\n<p>Werden uns Rechtsverletzungen bekannt, werden die externen Links durch uns unverz\u00fcglich entfernt.<\/p>\n<p>&nbsp;<\/p>\n<h3>Urheberrecht<\/h3>\n<p>Die auf unserer Webseite ver\u00f6ffentlichen Inhalte und Werke unterliegen dem deutschen Urheberrecht (<a href=\"http:\/\/www.gesetze-im-internet.de\/bundesrecht\/urhg\/gesamt.pdf\" target=\"_blank\" rel=\"noopener noreferrer\" data-extlink=\"\">http:\/\/www.gesetze-im-internet.de\/bundesrecht\/urhg\/gesamt.pdf<\/a>) . Die Vervielf\u00e4ltigung, Bearbeitung, Verbreitung und jede Art der Verwertung des geistigen Eigentums in ideeller und materieller Sicht des Urhebers au\u00dferhalb der Grenzen des Urheberrechtes bed\u00fcrfen der vorherigen schriftlichen Zustimmung des jeweiligen Urhebers i.S.d. Urhebergesetzes (<a href=\"http:\/\/www.gesetze-im-internet.de\/bundesrecht\/urhg\/gesamt.pdf\" target=\"_blank\" rel=\"noopener noreferrer\" data-extlink=\"\">http:\/\/www.gesetze-im-internet.de\/bundesrecht\/urhg\/gesamt.pdf<\/a>\u00a0). Downloads und Kopien dieser Seite sind nur f\u00fcr den privaten und nicht kommerziellen Gebrauch erlaubt. Sind die Inhalte auf unserer Webseite nicht von uns erstellt wurden, sind die Urheberrechte Dritter zu beachten. Die Inhalte Dritter werden als solche kenntlich gemacht. Sollten Sie trotzdem auf eine Urheberrechtsverletzung aufmerksam werden, bitten wir um einen entsprechenden Hinweis. Bei Bekanntwerden von Rechtsverletzungen werden wir derartige Inhalte unverz\u00fcglich entfernen.<\/p>\n<h3>Eingebettete Inhalte von anderen Websites<\/h3>\n<p>Beitr\u00e4ge auf dieser Website k\u00f6nnen eingebettete Inhalte beinhalten (z. B. Videos, Bilder, Beitr\u00e4ge etc.). Eingebettete Inhalte von anderen Websites verhalten sich exakt so, als ob der Besucher die andere Website besucht h\u00e4tte.<\/p>\n<p>Diese Websites k\u00f6nnen Daten \u00fcber dich sammeln, Cookies benutzen, zus\u00e4tzliche Tracking-Dienste von Dritten einbetten und deine Interaktion mit diesem eingebetteten Inhalt aufzeichnen, inklusive deiner Interaktion mit dem eingebetteten Inhalt, falls du ein Konto hast und auf dieser Website angemeldet bist.<\/p>\n<p>&nbsp;<\/p>\n<h3>Links zu anderen Websites<\/h3>\n<p>Unser Angebot enth\u00e4lt\u00a0<b>Links<\/b>\u00a0zu externen\u00a0<b>Websites<\/b>\u00a0Dritter, auf deren Inhalte wir keinen Einfluss haben. Deshalb k\u00f6nnen wir f\u00fcr diese fremden Inhalte auch keine Gew\u00e4hr \u00fcbernehmen. F\u00fcr die Inhalte der verlinkten Seiten ist stets der jeweilige Anbieter oder Betreiber der Seiten verantwortlich.<\/p>\n<p>&nbsp;<\/p>\n<p>&nbsp;<\/p>\n<p>Diese Webseite wurde erstellt von <a href=\"https:\/\/www.linkedin.com\/in\/nico-albrecht-46bb66b7\" target=\"_blank\" rel=\"noopener\">Nico Albrecht &#8211; Premium Co Deutschland <\/a>Kontakt: premiumcodeutschland@gmail.com[\/vc_column_text]\t\t<\/div>\r\n\t<\/div>\r\n\t<\/div><\/div>[\/vc_column][\/vc_row]<\/p>\n","protected":false},"excerpt":{"rendered":"<p>[vc_row css=&#8220;.vc_custom_1657459168401{padding-top: 150px !important;padding-bottom: 150px !important;background-color: #fafafa !important;}&#8220;][vc_column][\/vc_column][\/vc_row]<\/p>\n","protected":false},"author":1,"featured_media":0,"parent":0,"menu_order":0,"comment_status":"closed","ping_status":"closed","template":"full-width.php","meta":{"footnotes":""},"class_list":["post-11008","page","type-page","status-publish","hentry"],"_links":{"self":[{"href":"https:\/\/muehle-delkenheim.de\/index.php?rest_route=\/wp\/v2\/pages\/11008","targetHints":{"allow":["GET"]}}],"collection":[{"href":"https:\/\/muehle-delkenheim.de\/index.php?rest_route=\/wp\/v2\/pages"}],"about":[{"href":"https:\/\/muehle-delkenheim.de\/index.php?rest_route=\/wp\/v2\/types\/page"}],"author":[{"embeddable":true,"href":"https:\/\/muehle-delkenheim.de\/index.php?rest_route=\/wp\/v2\/users\/1"}],"replies":[{"embeddable":true,"href":"https:\/\/muehle-delkenheim.de\/index.php?rest_route=%2Fwp%2Fv2%2Fcomments&post=11008"}],"version-history":[{"count":17,"href":"https:\/\/muehle-delkenheim.de\/index.php?rest_route=\/wp\/v2\/pages\/11008\/revisions"}],"predecessor-version":[{"id":11591,"href":"https:\/\/muehle-delkenheim.de\/index.php?rest_route=\/wp\/v2\/pages\/11008\/revisions\/11591"}],"wp:attachment":[{"href":"https:\/\/muehle-delkenheim.de\/index.php?rest_route=%2Fwp%2Fv2%2Fmedia&parent=11008"}],"curies":[{"name":"wp","href":"https:\/\/api.w.org\/{rel}","templated":true}]}}